{"id":7331,"date":"2026-03-25T15:13:57","date_gmt":"2026-03-25T18:13:57","guid":{"rendered":"https:\/\/www.estancialarinconada.com.ar\/?page_id=7331"},"modified":"2026-04-06T19:08:04","modified_gmt":"2026-04-06T22:08:04","slug":"servicio-de-mantenimiento-de-espacios-verdes","status":"publish","type":"page","link":"https:\/\/www.estancialarinconada.com.ar\/index.php\/servicio-de-mantenimiento-de-espacios-verdes\/","title":{"rendered":"Servicio de Mantenimiento de Espacios Verdes"},"content":{"rendered":"<section class=\"l-section wpb_row height_large color_primary with_img parallax_ver\"><div class=\"l-section-img\" role=\"img\" aria-label=\"Imagen\" data-img-width=\"1800\" data-img-height=\"1200\" style=\"background-image: url(https:\/\/www.estancialarinconada.com.ar\/wp\/wp-content\/uploads\/2018\/02\/infraestructura-large.jpg);\"><\/div><div class=\"l-section-overlay\" style=\"background:rgba(30,30,30,0.75)\"><\/div><div class=\"l-section-h i-cf\"><div class=\"g-cols vc_row via_flex valign_middle type_default stacking_default\"><div class=\"vc_col-sm-3 vc_col-xs-offset-1 vc_col-xs-1 wpb_column vc_column_container\"><div class=\"vc_column-inner\"><div class=\"wpb_wrapper\"><\/div><\/div><\/div><div class=\"vc_col-sm-6 wpb_column vc_column_container\"><div class=\"vc_column-inner\"><div class=\"wpb_wrapper\"><div class=\"w-image align_center\"><div class=\"w-image-h\"><img decoding=\"async\" width=\"600\" height=\"200\" src=\"https:\/\/www.estancialarinconada.com.ar\/wp\/wp-content\/uploads\/2026\/04\/smev-title.png\" class=\"attachment-full size-full\" alt=\"Servicio de Mantenimiento de Espacios Verdes\" loading=\"lazy\" srcset=\"https:\/\/www.estancialarinconada.com.ar\/wp\/wp-content\/uploads\/2026\/04\/smev-title.png 600w, https:\/\/www.estancialarinconada.com.ar\/wp\/wp-content\/uploads\/2026\/04\/smev-title-300x100.png 300w, https:\/\/www.estancialarinconada.com.ar\/wp\/wp-content\/uploads\/2026\/04\/smev-title-36x12.png 36w\" sizes=\"auto, (max-width: 600px) 100vw, 600px\" \/><\/div><\/div><\/div><\/div><\/div><div class=\"vc_col-sm-3 wpb_column vc_column_container\"><div class=\"vc_column-inner\"><div class=\"wpb_wrapper\"><\/div><\/div><\/div><\/div><\/div><\/section><section class=\"l-section wpb_row height_large color_alternate with_img\" id=\"intro\"><div class=\"l-section-img\" role=\"img\" aria-label=\"Imagen\" data-img-width=\"662\" data-img-height=\"595\" style=\"background-image: url(https:\/\/www.estancialarinconada.com.ar\/wp\/wp-content\/uploads\/2026\/04\/bg2.png);background-position: top right;background-repeat: no-repeat;background-size: auto;\"><\/div><div class=\"l-section-overlay\" style=\"background:rgba(255,255,255,0.67)\"><\/div><div class=\"l-section-h i-cf\"><div class=\"g-cols vc_row via_flex valign_top type_default stacking_default\"><div class=\"vc_col-sm-12 wpb_column vc_column_container\"><div class=\"vc_column-inner\"><div class=\"wpb_wrapper\"><div class=\"g-cols wpb_row via_flex valign_top type_default stacking_default\"><div class=\"vc_col-sm-2 wpb_column vc_column_container\"><div class=\"vc_column-inner\"><div class=\"wpb_wrapper\"><\/div><\/div><\/div><div class=\"vc_col-sm-8 wpb_column vc_column_container\"><div class=\"vc_column-inner\"><div class=\"wpb_wrapper\"><div class=\"wpb_text_column\"><div class=\"wpb_wrapper\"><div class=\"grid\">\n<div class=\"c-two-third \">\n<div id=\"lead-counter-1\" class=\"lead\">\n<h4 style=\"text-align: left;\">Quienes somos<\/h4>\n<\/div>\n<\/div>\n<\/div>\n<\/div><\/div><div class=\"wpb_text_column\"><div class=\"wpb_wrapper\"><p>Somos un equipo de especialistas en mantenimiento de grandes espacios verdes que se gest\u00f3 en La Rinconada.<\/p>\n<p>En este barrio privado que es a su vez un club de campo, realizamos el mantenimiento permanente de m\u00e1s de 115 has de espacios comunes, de su cancha de polo profesional, y de su reconocido campo de golf, homologado por la Asociaci\u00f3n Argentina de Golf.<\/p>\n<\/div><\/div><\/div><\/div><\/div><div class=\"vc_col-sm-2 wpb_column vc_column_container\"><div class=\"vc_column-inner\"><div class=\"wpb_wrapper\"><\/div><\/div><\/div><\/div><div class=\"w-separator size_medium\"><\/div><\/div><\/div><\/div><\/div><\/div><\/section><section class=\"l-section wpb_row height_large with_img\" id=\"intro\"><div class=\"l-section-img\" role=\"img\" aria-label=\"Imagen\" data-img-width=\"359\" data-img-height=\"324\" style=\"background-image: url(https:\/\/www.estancialarinconada.com.ar\/wp\/wp-content\/uploads\/2026\/04\/bg.png);background-position: bottom left;background-repeat: no-repeat;background-size: auto;\"><\/div><div class=\"l-section-overlay\" style=\"background:rgba(255,255,255,0.5)\"><\/div><div class=\"l-section-h i-cf\"><div class=\"g-cols vc_row via_flex valign_top type_default stacking_default\"><div class=\"vc_col-sm-12 wpb_column vc_column_container\"><div class=\"vc_column-inner\"><div class=\"wpb_wrapper\"><div class=\"w-separator size_medium\"><\/div><div class=\"g-cols wpb_row via_flex valign_top type_default stacking_default\"><div class=\"vc_col-sm-2 wpb_column vc_column_container\"><div class=\"vc_column-inner\"><div class=\"wpb_wrapper\"><\/div><\/div><\/div><div class=\"vc_col-sm-8 wpb_column vc_column_container\"><div class=\"vc_column-inner\"><div class=\"wpb_wrapper\"><div class=\"wpb_text_column\"><div class=\"wpb_wrapper\"><div class=\"grid\">\n<div class=\"c-two-third \">\n<div id=\"lead-counter-1\" class=\"lead\">\n<h4 style=\"text-align: left;\">Que hacemos<\/h4>\n<\/div>\n<\/div>\n<\/div>\n<\/div><\/div><div class=\"wpb_text_column\"><div class=\"wpb_wrapper\"><p>Brindamos servicios integrales de mantenimiento y gesti\u00f3n de espacios verdes a gran escala, con un est\u00e1ndar de excelencia planificado para superar las expectativas de nuestros clientes.<\/p>\n<p>Nos especializamos en proyectos de 8 hect\u00e1reas o m\u00e1s, donde la calidad, la sostenibilidad y la eficiencia operativa marcan la diferencia.<\/p>\n<p>Cuidamos cada detalle para que campos deportivos, canchas de golf, parques y reservas luzcan impecables durante todo el a\u00f1o, contribuyendo al bienestar de las comunidades y al valor de las propiedades.<\/p>\n<\/div><\/div><\/div><\/div><\/div><div class=\"vc_col-sm-2 wpb_column vc_column_container\"><div class=\"vc_column-inner\"><div class=\"wpb_wrapper\"><\/div><\/div><\/div><\/div><\/div><\/div><\/div><\/div><\/div><\/section><section class=\"l-section wpb_row height_auto\"><div class=\"l-section-h i-cf\"><div class=\"g-cols vc_row via_flex valign_top type_default stacking_default\"><div class=\"vc_col-sm-12 wpb_column vc_column_container\"><div class=\"vc_column-inner\"><div class=\"wpb_wrapper\"><div class=\"w-separator size_large\"><\/div><div class=\"g-cols wpb_row via_flex valign_middle type_default stacking_default\"><div class=\"vc_col-sm-6 wpb_column vc_column_container\"><div class=\"vc_column-inner\"><div class=\"wpb_wrapper\"><div class=\"wpb_text_column\"><div class=\"wpb_wrapper\"><div class=\"grid\">\n<div class=\"c-two-third \">\n<div id=\"lead-counter-1\" class=\"lead\">\n<h4 style=\"text-align: left;\">Grandes superficies<\/h4>\n<\/div>\n<\/div>\n<\/div>\n<\/div><\/div><div class=\"wpb_text_column\"><div class=\"wpb_wrapper\"><p>\u2022 Mantenimiento integral de espacios verdes de m\u00e1s de 8 hect\u00e1reas (parques, reservas naturales, jardines institucionales y urbanizaciones).<\/p>\n<p>\u2022 Poda t\u00e9cnica, fertilizaci\u00f3n, control biol\u00f3gico de plagas y enfermedades.<\/p>\n<p>\u2022 Sistemas de riego automatizados y optimizaci\u00f3n h\u00eddrica.<\/p>\n<p>\u2022 Siembra, resembrado y recuperaci\u00f3n de c\u00e9sped en grandes extensiones.<\/p>\n<\/div><\/div><\/div><\/div><\/div><div class=\"vc_col-sm-6 wpb_column vc_column_container\"><div class=\"vc_column-inner\"><div class=\"wpb_wrapper\"><div class=\"w-image has_ratio align_none\"><div class=\"w-image-h\"><div style=\"padding-bottom:100%\"><\/div><img decoding=\"async\" width=\"1020\" height=\"680\" src=\"https:\/\/www.estancialarinconada.com.ar\/wp\/wp-content\/uploads\/2026\/03\/smev-01-1024x683.jpg\" class=\"attachment-large size-large\" alt=\"\" loading=\"lazy\" \/><\/div><\/div><\/div><\/div><\/div><\/div><div class=\"w-separator size_large\"><\/div><div class=\"g-cols wpb_row via_flex valign_middle type_default stacking_default\"><div class=\"vc_col-sm-6 wpb_column vc_column_container\"><div class=\"vc_column-inner\"><div class=\"wpb_wrapper\"><div class=\"w-image has_ratio align_none\"><div class=\"w-image-h\"><div style=\"padding-bottom:100%\"><\/div><img decoding=\"async\" width=\"1020\" height=\"680\" src=\"https:\/\/www.estancialarinconada.com.ar\/wp\/wp-content\/uploads\/2026\/03\/smev-04-1024x683.jpg\" class=\"attachment-large size-large\" alt=\"\" loading=\"lazy\" \/><\/div><\/div><\/div><\/div><\/div><div class=\"vc_col-sm-6 wpb_column vc_column_container\"><div class=\"vc_column-inner\"><div class=\"wpb_wrapper\"><div class=\"wpb_text_column\"><div class=\"wpb_wrapper\"><div class=\"grid\">\n<div class=\"c-two-third \">\n<div id=\"lead-counter-1\" class=\"lead\">\n<h4 style=\"text-align: left;\">Campos deportivos profesionales<\/h4>\n<\/div>\n<\/div>\n<\/div>\n<\/div><\/div><div class=\"wpb_text_column\"><div class=\"wpb_wrapper\"><p>\u2022 Canchas de f\u00fatbol, rugby, hockey y polo (m\u00ednimo 8 ha).<\/p>\n<p>\u2022 Nivelaci\u00f3n, aireaci\u00f3n, top dressing y reconstrucci\u00f3n de c\u00e9sped.<\/p>\n<p>\u2022 Preparaci\u00f3n para torneos y eventos de alto nivel.<\/p>\n<\/div><\/div><\/div><\/div><\/div><\/div><div class=\"w-separator size_large\"><\/div><div class=\"g-cols wpb_row via_flex valign_middle type_default stacking_default\"><div class=\"vc_col-sm-6 wpb_column vc_column_container\"><div class=\"vc_column-inner\"><div class=\"wpb_wrapper\"><div class=\"wpb_text_column\"><div class=\"wpb_wrapper\"><div class=\"grid\">\n<div class=\"c-two-third \">\n<div id=\"lead-counter-1\" class=\"lead\">\n<h4 style=\"text-align: left;\">Mantenimiento especializado de canchas de golf<\/h4>\n<\/div>\n<\/div>\n<\/div>\n<\/div><\/div><div class=\"wpb_text_column\"><div class=\"wpb_wrapper\"><p>\u2022 Green, fairways, roughs y bunkers en campos de 18 hoyos y superiores.<\/p>\n<p>\u2022 Manejo agron\u00f3mico avanzado seg\u00fan est\u00e1ndares internacionales (USGA).<\/p>\n<p>\u2022 Control preciso de altura de corte, fertilizaci\u00f3n foliar y manejo de agua.<\/p>\n<\/div><\/div><\/div><\/div><\/div><div class=\"vc_col-sm-6 wpb_column vc_column_container\"><div class=\"vc_column-inner\"><div class=\"wpb_wrapper\"><div class=\"w-image has_ratio align_none\"><div class=\"w-image-h\"><div style=\"padding-bottom:100%\"><\/div><img decoding=\"async\" width=\"1020\" height=\"680\" src=\"https:\/\/www.estancialarinconada.com.ar\/wp\/wp-content\/uploads\/2026\/03\/smev-03-1024x683.jpg\" class=\"attachment-large size-large\" alt=\"\" loading=\"lazy\" \/><\/div><\/div><\/div><\/div><\/div><\/div><div class=\"w-separator size_huge\"><\/div><\/div><\/div><\/div><\/div><\/div><\/section><!-- Row Backgrounds --><div class=\"upb_color\" data-bg-override=\"0\" data-bg-color=\"#FFFFFF\" data-fadeout=\"\" data-fadeout-percentage=\"30\" data-parallax-content=\"\" data-parallax-content-sense=\"30\" data-row-effect-mobile-disable=\"true\" data-img-parallax-mobile-disable=\"true\" data-rtl=\"false\"  data-custom-vc-row=\"\"  data-vc=\"8.7.2\"  data-is_old_vc=\"\"  data-theme-support=\"\"   data-overlay=\"false\" data-overlay-color=\"\" data-overlay-pattern=\"\" data-overlay-pattern-opacity=\"\" data-overlay-pattern-size=\"\"    ><\/div><section class=\"l-section wpb_row height_auto\"><div class=\"l-section-h i-cf\"><div class=\"g-cols vc_row via_flex valign_top type_default stacking_default\"><div class=\"vc_col-sm-12 wpb_column vc_column_container\"><div class=\"vc_column-inner\"><div class=\"wpb_wrapper\"><div class=\"w-separator size_large\"><\/div><div class=\"g-cols wpb_row via_flex valign_top type_default stacking_default\"><div class=\"vc_col-sm-2 wpb_column vc_column_container\"><div class=\"vc_column-inner\"><div class=\"wpb_wrapper\"><\/div><\/div><\/div><div class=\"vc_col-sm-8 wpb_column vc_column_container\"><div class=\"vc_column-inner\"><div class=\"wpb_wrapper\"><div class=\"wpb_text_column us_custom_eb849559\"><div class=\"wpb_wrapper\"><div class=\"grid\">\n<div class=\"c-two-third \">\n<div id=\"lead-counter-1\" class=\"lead\">\n<h4 style=\"text-align: center;\">Servicios complemetarios<\/h4>\n<\/div>\n<\/div>\n<\/div>\n<\/div><\/div><\/div><\/div><\/div><div class=\"vc_col-sm-2 wpb_column vc_column_container\"><div class=\"vc_column-inner\"><div class=\"wpb_wrapper\"><\/div><\/div><\/div><\/div><div class=\"w-separator size_large\"><\/div><div class=\"g-cols wpb_row via_flex valign_top type_default stacking_default\"><div class=\"vc_col-sm-3 wpb_column vc_column_container\"><div class=\"vc_column-inner\"><div class=\"wpb_wrapper\"><div class=\"w-iconbox iconpos_top style_outlined color_primary align_center no_title\"><div class=\"w-iconbox-icon\" style=\"font-size:28px;\"><i class=\"material-icons\">landscape<\/i><\/div><div class=\"w-iconbox-meta\"><div class=\"w-iconbox-text\"><p>Paisajismo y dise\u00f1o de grandes \u00e1reas<\/p>\n<\/div><\/div><\/div><\/div><\/div><\/div><div class=\"vc_col-sm-3 wpb_column vc_column_container\"><div class=\"vc_column-inner\"><div class=\"wpb_wrapper\"><div class=\"w-iconbox iconpos_top style_outlined color_primary align_center no_title\"><div class=\"w-iconbox-icon\" style=\"font-size:28px;\"><i class=\"material-icons\">water_drop<\/i><\/div><div class=\"w-iconbox-meta\"><div class=\"w-iconbox-text\"><p>Instalaci\u00f3n y mantenimiento de sistemas de riego inteligentes<\/p>\n<\/div><\/div><\/div><\/div><\/div><\/div><div class=\"vc_col-sm-3 wpb_column vc_column_container\"><div class=\"vc_column-inner\"><div class=\"wpb_wrapper\"><div class=\"w-iconbox iconpos_top style_outlined color_primary align_center no_title\"><a href=\"[]\" class=\"w-iconbox-link\" aria-label=\"material|grass\"><div class=\"w-iconbox-icon\" style=\"font-size:28px;\"><i class=\"material-icons\">grass<\/i><\/div><\/a><div class=\"w-iconbox-meta\"><div class=\"w-iconbox-text\"><p>Control ambiental y certificaci\u00f3n de pr\u00e1cticas sostenibles.<\/p>\n<\/div><\/div><\/div><\/div><\/div><\/div><div class=\"vc_col-sm-3 wpb_column vc_column_container\"><div class=\"vc_column-inner\"><div class=\"wpb_wrapper\"><div class=\"w-iconbox iconpos_top style_outlined color_primary align_center no_title\"><a href=\"[]\" class=\"w-iconbox-link\" aria-label=\"fas|drone\"><div class=\"w-iconbox-icon\" style=\"font-size:28px;\"><i class=\"fas fa-drone\"><\/i><\/div><\/a><div class=\"w-iconbox-meta\"><div class=\"w-iconbox-text\"><p>Monitoreo semanal con drones y reportes digitales detallados<\/p>\n<\/div><\/div><\/div><\/div><\/div><\/div><\/div><div class=\"w-separator size_large\"><\/div><\/div><\/div><\/div><\/div><\/div><\/section><section class=\"l-section wpb_row height_auto color_alternate with_img\"><div class=\"l-section-img\" role=\"img\" aria-label=\"Imagen\" data-img-width=\"359\" data-img-height=\"324\" style=\"background-image: url(https:\/\/www.estancialarinconada.com.ar\/wp\/wp-content\/uploads\/2026\/04\/bg.png);background-position: bottom left;background-repeat: no-repeat;background-size: auto;\"><\/div><div class=\"l-section-overlay\" style=\"background:rgba(255,255,255,0.41)\"><\/div><div class=\"l-section-h i-cf\"><div class=\"g-cols vc_row via_flex valign_top type_default stacking_default\"><div class=\"vc_col-sm-12 wpb_column vc_column_container\"><div class=\"vc_column-inner\"><div class=\"wpb_wrapper\"><div class=\"w-separator size_large\"><\/div><div class=\"g-cols wpb_row via_flex valign_top type_default stacking_default\"><div class=\"vc_col-sm-2 wpb_column vc_column_container\"><div class=\"vc_column-inner\"><div class=\"wpb_wrapper\"><\/div><\/div><\/div><div class=\"vc_col-sm-8 wpb_column vc_column_container\"><div class=\"vc_column-inner\"><div class=\"wpb_wrapper\"><div class=\"wpb_text_column\"><div class=\"wpb_wrapper\"><div class=\"grid\">\n<div class=\"c-two-third \">\n<div id=\"lead-counter-1\" class=\"lead\">\n<h4 style=\"text-align: left;\">\u00bfPor qu\u00e9 elegir La Rinconada Servicio de Mantenimiento de Espacios Verdes?<\/h4>\n<\/div>\n<\/div>\n<\/div>\n<\/div><\/div><div class=\"wpb_text_column\"><div class=\"wpb_wrapper\"><p>\u2022 Especializaci\u00f3n exclusiva en grandes superficies: no realizamos trabajos menores a 8 hect\u00e1reas. Esto nos permite concentrar recursos, equipos y personal altamente capacitado en proyectos de envergadura.<\/p>\n<p>\u2022 Tecnolog\u00eda de vanguardia: equipos de \u00faltima generaci\u00f3n, software de gesti\u00f3n y monitoreo satelital.<\/p>\n<p>\u2022 Equipo profesional: agr\u00f3nomos, t\u00e9cnicos especializados y operarios con m\u00e1s de 15 a\u00f1os de experiencia en campos de golf y complejos deportivos premium.<\/p>\n<p>\u2022 Compromiso ambiental: uso responsable de recursos, productos org\u00e1nicos y pr\u00e1cticas que preservan la biodiversidad.<\/p>\n<p>\u2022 Resultados medibles: contratos con indicadores de calidad (KPI) y satisfacci\u00f3n garantizada.<\/p>\n<\/div><\/div><\/div><\/div><\/div><div class=\"vc_col-sm-2 wpb_column vc_column_container\"><div class=\"vc_column-inner\"><div class=\"wpb_wrapper\"><\/div><\/div><\/div><\/div><div class=\"w-separator size_huge\"><\/div><\/div><\/div><\/div><\/div><\/div><\/section><section class=\"l-section wpb_row height_medium\"><div class=\"l-section-overlay\" style=\"background:#005953\"><\/div><div class=\"l-section-h i-cf\"><div class=\"g-cols vc_row via_flex valign_top type_default stacking_default\"><div class=\"vc_col-sm-2 wpb_column vc_column_container\"><div class=\"vc_column-inner\"><div class=\"wpb_wrapper\"><\/div><\/div><\/div><div class=\"vc_col-sm-8 wpb_column vc_column_container\"><div class=\"vc_column-inner\"><div class=\"wpb_wrapper\"><div class=\"w-separator size_medium\"><\/div><div class=\"wpb_text_column us_custom_6df4bc3a has_text_color\"><div class=\"wpb_wrapper\"><div class=\"grid\">\n<div class=\"c-two-third \">\n<div id=\"lead-counter-1\" class=\"lead\">\n<h3 style=\"text-align: center;\">Contacto<\/h3>\n<\/div>\n<\/div>\n<\/div>\n<\/div><\/div><div class=\"w-btn-wrapper align_center\"><a class=\"w-btn us-btn-style_1 icon_atleft\" href=\"https:\/\/wa.me\/+5493413608974\"><i class=\"fab fa-whatsapp\"><\/i><span class=\"w-btn-label\">Escr\u00edbanos por Whatsapp<\/span><\/a><\/div><div class=\"w-separator size_medium\"><\/div><\/div><\/div><\/div><div class=\"vc_col-sm-2 wpb_column vc_column_container\"><div class=\"vc_column-inner\"><div class=\"wpb_wrapper\"><\/div><\/div><\/div><\/div><\/div><\/section><section class=\"l-section wpb_row height_medium\"><div class=\"l-section-h i-cf\"><div class=\"g-cols vc_row via_flex valign_top type_default stacking_default\"><div class=\"vc_col-sm-12 wpb_column vc_column_container\"><div class=\"vc_column-inner\"><div class=\"wpb_wrapper\"><\/div><\/div><\/div><\/div><\/div><\/section>\n","protected":false},"excerpt":{"rendered":"Quienes somos Somos un equipo de especialistas en mantenimiento de grandes espacios verdes que se gest\u00f3 en La Rinconada. En este barrio privado que es a su vez un club de campo, realizamos el mantenimiento permanente de m\u00e1s de 115 has de espacios comunes, de su cancha de polo profesional, y de su reconocido campo...","protected":false},"author":1,"featured_media":0,"parent":0,"menu_order":0,"comment_status":"closed","ping_status":"closed","template":"","meta":{"footnotes":""},"class_list":["post-7331","page","type-page","status-publish","hentry"],"_links":{"self":[{"href":"https:\/\/www.estancialarinconada.com.ar\/index.php\/wp-json\/wp\/v2\/pages\/7331","targetHints":{"allow":["GET"]}}],"collection":[{"href":"https:\/\/www.estancialarinconada.com.ar\/index.php\/wp-json\/wp\/v2\/pages"}],"about":[{"href":"https:\/\/www.estancialarinconada.com.ar\/index.php\/wp-json\/wp\/v2\/types\/page"}],"author":[{"embeddable":true,"href":"https:\/\/www.estancialarinconada.com.ar\/index.php\/wp-json\/wp\/v2\/users\/1"}],"replies":[{"embeddable":true,"href":"https:\/\/www.estancialarinconada.com.ar\/index.php\/wp-json\/wp\/v2\/comments?post=7331"}],"version-history":[{"count":70,"href":"https:\/\/www.estancialarinconada.com.ar\/index.php\/wp-json\/wp\/v2\/pages\/7331\/revisions"}],"predecessor-version":[{"id":7412,"href":"https:\/\/www.estancialarinconada.com.ar\/index.php\/wp-json\/wp\/v2\/pages\/7331\/revisions\/7412"}],"wp:attachment":[{"href":"https:\/\/www.estancialarinconada.com.ar\/index.php\/wp-json\/wp\/v2\/media?parent=7331"}],"curies":[{"name":"wp","href":"https:\/\/api.w.org\/{rel}","templated":true}]}}