{"id":6839,"date":"2020-07-28T12:51:18","date_gmt":"2020-07-28T15:51:18","guid":{"rendered":"http:\/\/www.estancialarinconada.com.ar\/?page_id=6839"},"modified":"2021-03-29T16:36:49","modified_gmt":"2021-03-29T19:36:49","slug":"home","status":"publish","type":"page","link":"https:\/\/www.estancialarinconada.com.ar\/","title":{"rendered":"Home"},"content":{"rendered":"<section class=\"l-section wpb_row height_auto width_full color_primary\"><div class=\"l-section-h i-cf\"><div class=\"g-cols vc_row via_flex valign_top type_default stacking_default\"><div class=\"vc_col-sm-12 wpb_column vc_column_container\"><div class=\"vc_column-inner\"><div class=\"wpb_wrapper\">[rev_slider_vc alias=\u00bbmain\u00bb]<div class=\"w-image align_center\"><a title=\"Scoring Golf Guide\" target=\"_blank\" rel=\"nofollow\" href=\"https:\/\/scoring.com.ar\/#\/ListarTorneosComponent\" aria-label=\"banner_leader\" class=\"w-image-h\"><img decoding=\"async\" width=\"900\" height=\"200\" src=\"https:\/\/www.estancialarinconada.com.ar\/wp\/wp-content\/uploads\/2018\/04\/banner_leader.jpg\" class=\"attachment-full size-full\" alt=\"\" loading=\"lazy\" srcset=\"https:\/\/www.estancialarinconada.com.ar\/wp\/wp-content\/uploads\/2018\/04\/banner_leader.jpg 900w, https:\/\/www.estancialarinconada.com.ar\/wp\/wp-content\/uploads\/2018\/04\/banner_leader-300x67.jpg 300w, https:\/\/www.estancialarinconada.com.ar\/wp\/wp-content\/uploads\/2018\/04\/banner_leader-768x171.jpg 768w, https:\/\/www.estancialarinconada.com.ar\/wp\/wp-content\/uploads\/2018\/04\/banner_leader-600x133.jpg 600w, https:\/\/www.estancialarinconada.com.ar\/wp\/wp-content\/uploads\/2018\/04\/banner_leader-36x8.jpg 36w\" sizes=\"auto, (max-width: 900px) 100vw, 900px\" \/><\/a><\/div><\/div><\/div><\/div><\/div><\/div><\/section><section class=\"l-section wpb_row height_medium\"><div class=\"l-section-h i-cf\"><div class=\"g-cols vc_row via_flex valign_top type_default stacking_default\"><div class=\"vc_col-sm-12 wpb_column vc_column_container\"><div class=\"vc_column-inner\"><div class=\"wpb_wrapper\"><div class=\"wpb_text_column\"><div class=\"wpb_wrapper\"><h2 style=\"text-align: center;\">Estamos listos para recibirte<\/h2>\n<\/div><\/div><div class=\"w-separator size_large\"><\/div><div class=\"g-cols wpb_row via_flex valign_top type_default stacking_default\"><div class=\"vc_col-sm-4 wpb_column vc_column_container\"><div class=\"vc_column-inner\"><div class=\"wpb_wrapper\"><div class=\"w-image align_center us_animate_fade\"><a href=\"http:\/\/www.estancialarinconada.com.ar\/index.php\/deportes\/\" aria-label=\"home-DEPOR\" class=\"w-image-h\"><img decoding=\"async\" width=\"476\" height=\"600\" src=\"https:\/\/www.estancialarinconada.com.ar\/wp\/wp-content\/uploads\/2020\/03\/home-DEPOR.jpg\" class=\"attachment-full size-full\" alt=\"\" loading=\"lazy\" srcset=\"https:\/\/www.estancialarinconada.com.ar\/wp\/wp-content\/uploads\/2020\/03\/home-DEPOR.jpg 476w, https:\/\/www.estancialarinconada.com.ar\/wp\/wp-content\/uploads\/2020\/03\/home-DEPOR-238x300.jpg 238w, https:\/\/www.estancialarinconada.com.ar\/wp\/wp-content\/uploads\/2020\/03\/home-DEPOR-29x36.jpg 29w\" sizes=\"auto, (max-width: 476px) 100vw, 476px\" \/><\/a><\/div><\/div><\/div><\/div><div class=\"vc_col-sm-4 wpb_column vc_column_container\"><div class=\"vc_column-inner\"><div class=\"wpb_wrapper\"><div class=\"w-image align_center us_animate_fade\"><a href=\"http:\/\/www.estancialarinconada.com.ar\/index.php\/infraestructura\/\" aria-label=\"home-INFRA\" class=\"w-image-h\"><img decoding=\"async\" width=\"476\" height=\"600\" src=\"https:\/\/www.estancialarinconada.com.ar\/wp\/wp-content\/uploads\/2020\/03\/home-INFRA.jpg\" class=\"attachment-full size-full\" alt=\"\" loading=\"lazy\" srcset=\"https:\/\/www.estancialarinconada.com.ar\/wp\/wp-content\/uploads\/2020\/03\/home-INFRA.jpg 476w, https:\/\/www.estancialarinconada.com.ar\/wp\/wp-content\/uploads\/2020\/03\/home-INFRA-238x300.jpg 238w, https:\/\/www.estancialarinconada.com.ar\/wp\/wp-content\/uploads\/2020\/03\/home-INFRA-29x36.jpg 29w\" sizes=\"auto, (max-width: 476px) 100vw, 476px\" \/><\/a><\/div><\/div><\/div><\/div><div class=\"vc_col-sm-4 wpb_column vc_column_container\"><div class=\"vc_column-inner\"><div class=\"wpb_wrapper\"><div class=\"w-image align_center us_animate_fade\"><a href=\"http:\/\/www.estancialarinconada.com.ar\/index.php\/comercial\/\" aria-label=\"home-BUHO\" class=\"w-image-h\"><img decoding=\"async\" width=\"476\" height=\"600\" src=\"https:\/\/www.estancialarinconada.com.ar\/wp\/wp-content\/uploads\/2020\/03\/home-BUHO.jpg\" class=\"attachment-full size-full\" alt=\"\" loading=\"lazy\" srcset=\"https:\/\/www.estancialarinconada.com.ar\/wp\/wp-content\/uploads\/2020\/03\/home-BUHO.jpg 476w, https:\/\/www.estancialarinconada.com.ar\/wp\/wp-content\/uploads\/2020\/03\/home-BUHO-238x300.jpg 238w, https:\/\/www.estancialarinconada.com.ar\/wp\/wp-content\/uploads\/2020\/03\/home-BUHO-29x36.jpg 29w\" sizes=\"auto, (max-width: 476px) 100vw, 476px\" \/><\/a><\/div><\/div><\/div><\/div><\/div><div class=\"w-separator size_large\"><\/div><div class=\"w-btn-wrapper align_center\"><a class=\"w-btn us-btn-style_1\" href=\"http:\/\/www.estancialarinconada.com.ar\/index.php\/infraestructura\/\"><span class=\"w-btn-label\">Conoc\u00e9 m\u00e1s sobre La Rinconada<\/span><\/a><\/div><div class=\"w-separator size_large\"><\/div><\/div><\/div><\/div><\/div><\/div><\/section><section class=\"l-section wpb_row height_huge color_primary with_img parallax_ver\"><div class=\"l-section-img\" role=\"img\" aria-label=\"Imagen\" data-img-width=\"1820\" data-img-height=\"885\" style=\"background-image: url(https:\/\/www.estancialarinconada.com.ar\/wp\/wp-content\/uploads\/2018\/02\/home-datos.jpg);background-position: bottom center;\"><\/div><div class=\"l-section-overlay\" style=\"background:rgba(25,25,25,0.62)\"><\/div><div class=\"l-section-h i-cf\"><div class=\"g-cols vc_row via_flex valign_top type_default stacking_default\"><div class=\"vc_col-sm-12 wpb_column vc_column_container\"><div class=\"vc_column-inner\"><div class=\"wpb_wrapper\"><div class=\"wpb_text_column\"><div class=\"wpb_wrapper\"><h3 style=\"text-align: center;\">Bienvenido al lugar para vivir que eleva tu calidad de vida<\/h3>\n<\/div><\/div><div class=\"w-separator size_large\"><\/div><div class=\"g-cols wpb_row via_flex valign_top type_default stacking_default\"><div class=\"vc_col-sm-3 vc_col-md-3 wpb_column vc_column_container\"><div class=\"vc_column-inner\"><div class=\"wpb_wrapper\"><div class=\"w-counter color_heading align_center animation_none\" data-duration=\"2\" style=\"--w-counter-duration: 2s;\"><div class=\"w-counter-value\" aria-label=\"115\"><span class=\"w-counter-value-part final\" aria-hidden=\"true\">115<\/span><span class=\"w-counter-value-part hidden type_text\" aria-hidden=\"true\" data-final><\/span><span class=\"w-counter-value-part hidden type_number\" aria-hidden=\"true\" data-final=\"115\">0<\/span><span class=\"w-counter-value-part hidden type_text\" aria-hidden=\"true\" data-final><\/span><\/div><h3 class=\"w-counter-title\">Hect\u00e1reas<\/h3><\/div><\/div><\/div><\/div><div class=\"vc_col-sm-3 vc_col-md-3 wpb_column vc_column_container\"><div class=\"vc_column-inner\"><div class=\"wpb_wrapper\"><div class=\"w-counter color_custom align_center animation_none\" data-duration=\"2\" style=\"--w-counter-duration: 2s;\"><div class=\"w-counter-value\" aria-label=\"40Ha\" style=\"color:#009f94;\"><span class=\"w-counter-value-part final\" aria-hidden=\"true\">40Ha<\/span><span class=\"w-counter-value-part hidden type_text\" aria-hidden=\"true\" data-final><\/span><span class=\"w-counter-value-part hidden type_number\" aria-hidden=\"true\" data-final=\"40\">0<\/span><span class=\"w-counter-value-part hidden type_text\" aria-hidden=\"true\" data-final=\"Ha\">Ha<\/span><\/div><h3 class=\"w-counter-title\">Para loteos<\/h3><\/div><\/div><\/div><\/div><div class=\"vc_col-sm-3 vc_col-md-3 wpb_column vc_column_container\"><div class=\"vc_column-inner\"><div class=\"wpb_wrapper\"><div class=\"w-counter color_heading align_center animation_none\" data-duration=\"2\" style=\"--w-counter-duration: 2s;\"><div class=\"w-counter-value\" aria-label=\"65%\"><span class=\"w-counter-value-part final\" aria-hidden=\"true\">65%<\/span><span class=\"w-counter-value-part hidden type_text\" aria-hidden=\"true\" data-final><\/span><span class=\"w-counter-value-part hidden type_number\" aria-hidden=\"true\" data-final=\"65\">0<\/span><span class=\"w-counter-value-part hidden type_text\" aria-hidden=\"true\" data-final=\"%\">%<\/span><\/div><h3 class=\"w-counter-title\">Espacios verdes comunes<\/h3><\/div><\/div><\/div><\/div><div class=\"vc_col-sm-3 vc_col-md-3 wpb_column vc_column_container\"><div class=\"vc_column-inner\"><div class=\"wpb_wrapper\"><div class=\"w-counter color_custom align_center animation_none\" data-duration=\"2\" style=\"--w-counter-duration: 2s;\"><div class=\"w-counter-value\" aria-label=\"400\" style=\"color:#009f94;\"><span class=\"w-counter-value-part final\" aria-hidden=\"true\">400<\/span><span class=\"w-counter-value-part hidden type_text\" aria-hidden=\"true\" data-final><\/span><span class=\"w-counter-value-part hidden type_number\" aria-hidden=\"true\" data-final=\"400\">0<\/span><span class=\"w-counter-value-part hidden type_text\" aria-hidden=\"true\" data-final><\/span><\/div><h3 class=\"w-counter-title\">Lotes<\/h3><\/div><\/div><\/div><\/div><\/div><\/div><\/div><\/div><\/div><\/div><\/section><section class=\"l-section wpb_row height_medium with_img\"><div class=\"l-section-img\" role=\"img\" aria-label=\"Imagen\" data-img-width=\"4600\" data-img-height=\"3100\" style=\"background-image: url(https:\/\/www.estancialarinconada.com.ar\/wp\/wp-content\/uploads\/2018\/02\/home-noticias.jpg);\"><\/div><div class=\"l-section-h i-cf\"><div class=\"g-cols vc_row via_flex valign_top type_default stacking_default\"><div class=\"vc_col-sm-12 wpb_column vc_column_container\"><div class=\"vc_column-inner\"><div class=\"wpb_wrapper\"><div class=\"wpb_text_column\"><div class=\"wpb_wrapper\"><h2 style=\"text-align: center;\">Noticias recientes<\/h2>\n<\/div><\/div><div class=\"g-cols wpb_row via_flex valign_top type_default stacking_default\"><div class=\"vc_col-sm-12 wpb_column vc_column_container\"><div class=\"vc_column-inner\"><div class=\"wpb_wrapper\"><div class=\"w-grid us_grid type_grid layout_6523 cols_3 overflow_hidden preload_style_spinner\" id=\"us_grid_1\" style=\"--columns:3;--gap:5px;\" data-filterable=\"true\"><style>@media (max-width:1024px){#us_grid_1{--columns:2!important}}@media (max-width:600px){#us_grid_1{--columns:1!important}}.layout_6523 .w-grid-item-h{background:#ffffff;border-radius:0.3;box-shadow:0 0.03rem 0.06rem rgba(0,0,0,0.1),0 0.1rem 0.3rem rgba(0,0,0,0.1);transition-duration:0.3s}.no-touch .layout_6523 .w-grid-item-h:hover{box-shadow:0 0.1rem 0.2rem rgba(0,0,0,0.1),0 0.33rem 1rem rgba(0,0,0,0.15);z-index:4}.layout_6523 .usg_post_title_1{font-family:var(--h1-font-family)!important;font-size:1.2rem!important;font-weight:700!important}.layout_6523 .usg_vwrapper_1{padding:9% 11% 11% 11%!important}.layout_6523 .usg_hwrapper_1{color:#a4b1b3!important}.layout_6523 .usg_post_date_1{font-size:0.9rem!important}<\/style><div class=\"w-grid-list\">\t<article class=\"w-grid-item size_1x1 post-7304 post type-post status-publish format-standard has-post-thumbnail hentry category-infraestructura category-noticias\" data-id=\"7304\">\r\n\t\t<div class=\"w-grid-item-h\">\r\n\t\t\t\t\t\t<div class=\"w-post-elm post_image usg_post_image_1 stretched\"><a href=\"https:\/\/www.estancialarinconada.com.ar\/index.php\/el-parque-fotovoltaico-de-la-rinconada\/\" aria-label=\"El parque fotovoltaico de La Rinconada\"><img loading=\"lazy\" decoding=\"async\" width=\"350\" height=\"350\" src=\"https:\/\/www.estancialarinconada.com.ar\/wp\/wp-content\/uploads\/2024\/02\/LR_noticia-web_foto-principal_240219-350x350.jpg\" class=\"attachment-us_350_350_crop size-us_350_350_crop wp-post-image\" alt=\"\" srcset=\"https:\/\/www.estancialarinconada.com.ar\/wp\/wp-content\/uploads\/2024\/02\/LR_noticia-web_foto-principal_240219-350x350.jpg 350w, https:\/\/www.estancialarinconada.com.ar\/wp\/wp-content\/uploads\/2024\/02\/LR_noticia-web_foto-principal_240219-150x150.jpg 150w, https:\/\/www.estancialarinconada.com.ar\/wp\/wp-content\/uploads\/2024\/02\/LR_noticia-web_foto-principal_240219-600x600.jpg 600w\" sizes=\"auto, (max-width: 350px) 100vw, 350px\" \/><\/a><\/div><div class=\"w-vwrapper usg_vwrapper_1 align_left valign_top\"><h2 class=\"w-post-elm post_title usg_post_title_1 entry-title color_link_inherit\"><a href=\"https:\/\/www.estancialarinconada.com.ar\/index.php\/el-parque-fotovoltaico-de-la-rinconada\/\">El parque fotovoltaico de La Rinconada<\/a><\/h2><div class=\"w-hwrapper usg_hwrapper_1 has_text_color align_left valign_top wrap\"><time class=\"w-post-elm post_date usg_post_date_1 entry-date published\" datetime=\"2024-02-19T11:49:03-03:00\"><i class=\"far fa-clock\"><\/i>19 febrero, 2024<\/time><\/div><div class=\"w-post-elm post_content usg_post_content_1\">El parque fotovoltaico de La Rinconada -el primer proyecto de este tipo en un barrio privado en nuestro pas- ya&hellip;<\/div><a class=\"w-btn us-btn-style_1 usg_btn_1\" href=\"https:\/\/www.estancialarinconada.com.ar\/index.php\/el-parque-fotovoltaico-de-la-rinconada\/\"><span class=\"w-btn-label\">Ampliar<\/span><\/a><\/div>\t\t<\/div>\r\n\t\t\t<\/article>\r\n\t<article class=\"w-grid-item size_1x1 post-7290 post type-post status-publish format-standard has-post-thumbnail hentry category-golf category-noticias category-torneos\" data-id=\"7290\">\r\n\t\t<div class=\"w-grid-item-h\">\r\n\t\t\t\t\t\t<div class=\"w-post-elm post_image usg_post_image_1 stretched\"><a href=\"https:\/\/www.estancialarinconada.com.ar\/index.php\/el-rosarino-alejandro-tosti-se-consagro-campeon-de-la-2-edicion-del-abierto-de-la-provincia-de-santa-fe\/\" aria-label=\"El rosarino Alejandro Tosti se consagr\u00f3 campe\u00f3n de la 2\u00b0 edici\u00f3n del Abierto de la Provincia de Santa Fe\"><img loading=\"lazy\" decoding=\"async\" width=\"350\" height=\"350\" src=\"https:\/\/www.estancialarinconada.com.ar\/wp\/wp-content\/uploads\/2023\/12\/LR_noticia-web_foto-principal_231212-350x350.jpg\" class=\"attachment-us_350_350_crop size-us_350_350_crop wp-post-image\" alt=\"\" srcset=\"https:\/\/www.estancialarinconada.com.ar\/wp\/wp-content\/uploads\/2023\/12\/LR_noticia-web_foto-principal_231212-350x350.jpg 350w, https:\/\/www.estancialarinconada.com.ar\/wp\/wp-content\/uploads\/2023\/12\/LR_noticia-web_foto-principal_231212-150x150.jpg 150w, https:\/\/www.estancialarinconada.com.ar\/wp\/wp-content\/uploads\/2023\/12\/LR_noticia-web_foto-principal_231212-600x600.jpg 600w\" sizes=\"auto, (max-width: 350px) 100vw, 350px\" \/><\/a><\/div><div class=\"w-vwrapper usg_vwrapper_1 align_left valign_top\"><h2 class=\"w-post-elm post_title usg_post_title_1 entry-title color_link_inherit\"><a href=\"https:\/\/www.estancialarinconada.com.ar\/index.php\/el-rosarino-alejandro-tosti-se-consagro-campeon-de-la-2-edicion-del-abierto-de-la-provincia-de-santa-fe\/\">El rosarino Alejandro Tosti se consagr\u00f3 campe\u00f3n de la 2\u00b0 edici\u00f3n del Abierto de la Provincia de Santa Fe<\/a><\/h2><div class=\"w-hwrapper usg_hwrapper_1 has_text_color align_left valign_top wrap\"><time class=\"w-post-elm post_date usg_post_date_1 entry-date published\" datetime=\"2023-12-12T14:28:06-03:00\"><i class=\"far fa-clock\"><\/i>12 diciembre, 2023<\/time><\/div><div class=\"w-post-elm post_content usg_post_content_1\">&nbsp; El domingo 10 de diciembre finaliz\u00f3 la 2\u00b0 edici\u00f3n del Abierto de la Provincia de Santa Fe, organizado por&hellip;<\/div><a class=\"w-btn us-btn-style_1 usg_btn_1\" href=\"https:\/\/www.estancialarinconada.com.ar\/index.php\/el-rosarino-alejandro-tosti-se-consagro-campeon-de-la-2-edicion-del-abierto-de-la-provincia-de-santa-fe\/\"><span class=\"w-btn-label\">Ampliar<\/span><\/a><\/div>\t\t<\/div>\r\n\t\t\t<\/article>\r\n\t<article class=\"w-grid-item size_1x1 post-7270 post type-post status-publish format-standard has-post-thumbnail hentry category-golf category-noticias category-padel category-tenis\" data-id=\"7270\">\r\n\t\t<div class=\"w-grid-item-h\">\r\n\t\t\t\t\t\t<div class=\"w-post-elm post_image usg_post_image_1 stretched\"><a href=\"https:\/\/www.estancialarinconada.com.ar\/index.php\/ladies-day-2023\/\" aria-label=\"Ladies Day 2023\"><img loading=\"lazy\" decoding=\"async\" width=\"350\" height=\"350\" src=\"https:\/\/www.estancialarinconada.com.ar\/wp\/wp-content\/uploads\/2023\/11\/LR_noticia-web_foto-principal_231121-350x350.jpg\" class=\"attachment-us_350_350_crop size-us_350_350_crop wp-post-image\" alt=\"\" srcset=\"https:\/\/www.estancialarinconada.com.ar\/wp\/wp-content\/uploads\/2023\/11\/LR_noticia-web_foto-principal_231121-350x350.jpg 350w, https:\/\/www.estancialarinconada.com.ar\/wp\/wp-content\/uploads\/2023\/11\/LR_noticia-web_foto-principal_231121-150x150.jpg 150w, https:\/\/www.estancialarinconada.com.ar\/wp\/wp-content\/uploads\/2023\/11\/LR_noticia-web_foto-principal_231121-600x600.jpg 600w\" sizes=\"auto, (max-width: 350px) 100vw, 350px\" \/><\/a><\/div><div class=\"w-vwrapper usg_vwrapper_1 align_left valign_top\"><h2 class=\"w-post-elm post_title usg_post_title_1 entry-title color_link_inherit\"><a href=\"https:\/\/www.estancialarinconada.com.ar\/index.php\/ladies-day-2023\/\">Ladies Day 2023<\/a><\/h2><div class=\"w-hwrapper usg_hwrapper_1 has_text_color align_left valign_top wrap\"><time class=\"w-post-elm post_date usg_post_date_1 entry-date published\" datetime=\"2023-11-21T12:22:44-03:00\"><i class=\"far fa-clock\"><\/i>21 noviembre, 2023<\/time><\/div><div class=\"w-post-elm post_content usg_post_content_1\">&nbsp; El clima de alegr\u00eda y de encuentro que vivimos en el Ladies Day\u00a0el fin de semana del 4 de&hellip;<\/div><a class=\"w-btn us-btn-style_1 usg_btn_1\" href=\"https:\/\/www.estancialarinconada.com.ar\/index.php\/ladies-day-2023\/\"><span class=\"w-btn-label\">Ampliar<\/span><\/a><\/div>\t\t<\/div>\r\n\t\t\t<\/article>\r\n<\/div>\t<div class=\"w-grid-preloader\">\r\n\t\t<div class=\"g-preloader type_1\">\r\n\t\t\t<div><\/div>\r\n\t\t<\/div>\r\n\t<\/div>\r\n\t\t<div class=\"w-grid-json hidden\" onclick='return {&quot;action&quot;:&quot;us_ajax_grid&quot;,&quot;infinite_scroll&quot;:0,&quot;max_num_pages&quot;:20,&quot;pagination&quot;:&quot;none&quot;,&quot;template_vars&quot;:{&quot;columns&quot;:&quot;3&quot;,&quot;exclude_items&quot;:&quot;none&quot;,&quot;img_size&quot;:&quot;us_350_350_crop&quot;,&quot;ignore_items_size&quot;:0,&quot;items_layout&quot;:&quot;6523&quot;,&quot;items_offset&quot;:&quot;1&quot;,&quot;load_animation&quot;:&quot;none&quot;,&quot;overriding_link&quot;:&quot;{\\&quot;url\\&quot;:\\&quot;\\&quot;}&quot;,&quot;post_id&quot;:0,&quot;query_args&quot;:{&quot;post_type&quot;:[&quot;post&quot;],&quot;post_status&quot;:[&quot;publish&quot;],&quot;posts_per_page&quot;:&quot;3&quot;},&quot;orderby_query_args&quot;:{&quot;orderby&quot;:{&quot;date&quot;:&quot;DESC&quot;}},&quot;type&quot;:&quot;grid&quot;,&quot;us_grid_post_type&quot;:&quot;post&quot;,&quot;us_grid_ajax_index&quot;:1,&quot;us_grid_filter_query_string&quot;:null,&quot;us_grid_index&quot;:1,&quot;page_args&quot;:[]}}'><\/div>\r\n\t<\/div><\/div><\/div><\/div><\/div><div class=\"w-separator size_huge\"><\/div><\/div><\/div><\/div><\/div><\/div><\/section><section class=\"l-section wpb_row height_medium color_primary\"><div class=\"l-section-h i-cf\"><div class=\"g-cols vc_row via_flex valign_top type_default stacking_default\"><div class=\"vc_col-sm-12 wpb_column vc_column_container\"><div class=\"vc_column-inner\"><div class=\"wpb_wrapper\"><div class=\"w-actionbox color_primary controls_right\"><div class=\"w-actionbox-text\"><h2 class=\"w-actionbox-title\" style=\"font-size:18px\">Enterate de nuestras actividades!<\/h2><\/div><div class=\"w-actionbox-controls\"><a class=\"w-btn us-btn-style_1 icon_atleft\" style=\"font-size:20px\" target=\" _blank\" rel=\"nofollow\" href=\"https:\/\/www.facebook.com\/estancialarinconada\"><i class=\"fab fa-facebook-f\"><\/i><span class=\"w-btn-label\">Segu\u00ednos en Facebook<\/span><\/a><\/div><\/div><\/div><\/div><\/div><\/div><\/div><\/section>\n","protected":false},"excerpt":{"rendered":"&nbsp; El clima de alegr\u00eda y de encuentro que vivimos en el Ladies Day\u00a0el fin de semana del 4 de noviembre, solo nos confirma lo que ya intu\u00edamos: que tenemos que seguir haci\u00e9ndolo porque es necesario y porque nos hace muy bien estar cerca, jugar, disfrutar y compartir. M\u00e1s de 200 mujeres se acercaron a...","protected":false},"author":1,"featured_media":0,"parent":0,"menu_order":0,"comment_status":"closed","ping_status":"closed","template":"","meta":{"footnotes":""},"class_list":["post-6839","page","type-page","status-publish","hentry"],"_links":{"self":[{"href":"https:\/\/www.estancialarinconada.com.ar\/index.php\/wp-json\/wp\/v2\/pages\/6839","targetHints":{"allow":["GET"]}}],"collection":[{"href":"https:\/\/www.estancialarinconada.com.ar\/index.php\/wp-json\/wp\/v2\/pages"}],"about":[{"href":"https:\/\/www.estancialarinconada.com.ar\/index.php\/wp-json\/wp\/v2\/types\/page"}],"author":[{"embeddable":true,"href":"https:\/\/www.estancialarinconada.com.ar\/index.php\/wp-json\/wp\/v2\/users\/1"}],"replies":[{"embeddable":true,"href":"https:\/\/www.estancialarinconada.com.ar\/index.php\/wp-json\/wp\/v2\/comments?post=6839"}],"version-history":[{"count":18,"href":"https:\/\/www.estancialarinconada.com.ar\/index.php\/wp-json\/wp\/v2\/pages\/6839\/revisions"}],"predecessor-version":[{"id":6930,"href":"https:\/\/www.estancialarinconada.com.ar\/index.php\/wp-json\/wp\/v2\/pages\/6839\/revisions\/6930"}],"wp:attachment":[{"href":"https:\/\/www.estancialarinconada.com.ar\/index.php\/wp-json\/wp\/v2\/media?parent=6839"}],"curies":[{"name":"wp","href":"https:\/\/api.w.org\/{rel}","templated":true}]}}