{"id":15,"date":"2013-05-31T11:58:45","date_gmt":"2013-05-31T14:58:45","guid":{"rendered":"http:\/\/impreza.us-themes.net\/pages\/services\/"},"modified":"2023-04-13T18:30:58","modified_gmt":"2023-04-13T21:30:58","slug":"infraestructura","status":"publish","type":"page","link":"https:\/\/www.estancialarinconada.com.ar\/index.php\/infraestructura\/","title":{"rendered":"Infraestructura"},"content":{"rendered":"<section class=\"l-section wpb_row height_huge color_primary with_img parallax_ver\"><div class=\"l-section-img\" role=\"img\" aria-label=\"Imagen\" data-img-width=\"1800\" data-img-height=\"1200\" style=\"background-image: url(https:\/\/www.estancialarinconada.com.ar\/wp\/wp-content\/uploads\/2018\/02\/infraestructura-large.jpg);\"><\/div><div class=\"l-section-overlay\" style=\"background:rgba(30,30,30,0.75)\"><\/div><div class=\"l-section-h i-cf\"><div class=\"g-cols vc_row via_flex valign_top type_default stacking_default\"><div class=\"vc_col-sm-12 wpb_column vc_column_container\"><div class=\"vc_column-inner\"><div class=\"wpb_wrapper\">[vc_custom_heading text=\u00bbInfraestructura e instalaciones\u00bb font_container=\u00bbtag:h1|font_size:48|text_align:center\u00bb use_theme_fonts=\u00bbyes\u00bb css=\u00bb%7B%22default%22%3A%7B%22padding-bottom%22%3A%2230px%22%2C%22font-size%22%3A%2248%22%7D%7D\u00bb]<div class=\"w-iconbox iconpos_top style_default color_custom align_center no_text no_title\"><a href=\"#intro\" class=\"w-iconbox-link\" aria-label=\"fas|chevron-down\"><div class=\"w-iconbox-icon\" style=\"font-size:2rem;--icon-color:#ffffff;\"><i class=\"fas fa-chevron-down\"><\/i><\/div><\/a><div class=\"w-iconbox-meta\"><\/div><\/div><div class=\"w-separator size_medium\"><\/div><\/div><\/div><\/div><\/div><\/div><\/section><section class=\"l-section wpb_row height_large color_alternate\" id=\"intro\"><div class=\"l-section-h i-cf\"><div class=\"g-cols vc_row via_flex valign_top type_default stacking_default\"><div class=\"vc_col-sm-12 wpb_column vc_column_container\"><div class=\"vc_column-inner\"><div class=\"wpb_wrapper\"><div class=\"g-cols wpb_row via_flex valign_top type_default stacking_default\"><div class=\"vc_col-sm-2 wpb_column vc_column_container\"><div class=\"vc_column-inner\"><div class=\"wpb_wrapper\"><\/div><\/div><\/div><div class=\"vc_col-sm-8 wpb_column vc_column_container\"><div class=\"vc_column-inner\"><div class=\"wpb_wrapper\"><div class=\"wpb_text_column\"><div class=\"wpb_wrapper\"><div class=\"grid\">\n<div class=\"c-two-third \">\n<div id=\"lead-counter-1\" class=\"lead\">\n<h4 style=\"text-align: left;\">El proyecto completo, desarrollado en dos etapas consecutivas, integrar\u00e1 115 hect\u00e1reas.<\/h4>\n<\/div>\n<\/div>\n<\/div>\n<\/div><\/div><div class=\"wpb_text_column\"><div class=\"wpb_wrapper\"><div class=\"grid\">\n<div class=\"c-two-third \">\n<p>Se encuentra en una ubicaci\u00f3n privilegiada, a solo 10 minutos de Rosario, en el Km 10, sobre la Ruta Nacional 34, en la localidad de Ibarlucea.<\/p>\n<p>Posee accesos pavimentados y se encuentra en una zona de campos, garantizando la preservaci\u00f3n de la naturaleza y su entorno.<\/p>\n<p>La Rinconada cuenta con espaciosos lotes y todos los servicios, para llevar una vida confortable y segura.<\/p>\n<\/div>\n<\/div>\n<\/div><\/div><\/div><\/div><\/div><div class=\"vc_col-sm-2 wpb_column vc_column_container\"><div class=\"vc_column-inner\"><div class=\"wpb_wrapper\"><\/div><\/div><\/div><\/div><div class=\"w-separator size_large\"><\/div><\/div><\/div><\/div><\/div><\/div><\/section><section class=\"l-section wpb_row height_auto\"><div class=\"l-section-h i-cf\"><div class=\"g-cols vc_row via_flex valign_top type_default stacking_default\"><div class=\"vc_col-sm-12 wpb_column vc_column_container\"><div class=\"vc_column-inner\"><div class=\"wpb_wrapper\"><div class=\"w-separator size_large\"><\/div><div class=\"g-cols wpb_row via_flex valign_top type_default stacking_default\"><div class=\"vc_col-sm-3 wpb_column vc_column_container\"><div class=\"vc_column-inner\"><div class=\"wpb_wrapper\"><div class=\"w-iconbox iconpos_left style_outlined color_primary align_left\"><div class=\"w-iconbox-icon\" style=\"font-size:28px;\"><i class=\"material-icons\">select_all<\/i><\/div><div class=\"w-iconbox-meta\"><h4 class=\"w-iconbox-title\">Superficie<\/h4><div class=\"w-iconbox-text\"><p>El proyecto completo cuenta con 115 hect\u00e1reas en total.<\/p>\n<\/div><\/div><\/div><\/div><\/div><\/div><div class=\"vc_col-sm-3 wpb_column vc_column_container\"><div class=\"vc_column-inner\"><div class=\"wpb_wrapper\"><div class=\"w-iconbox iconpos_left style_outlined color_primary align_left\"><div class=\"w-iconbox-icon\" style=\"font-size:28px;\"><i class=\"material-icons\">domain<\/i><\/div><div class=\"w-iconbox-meta\"><h4 class=\"w-iconbox-title\">Instalaciones<\/h4><div class=\"w-iconbox-text\"><p>Club House, restaurant, proshop (deportes), piscina, estacionamiento y vestuarios.<\/p>\n<\/div><\/div><\/div><\/div><\/div><\/div><div class=\"vc_col-sm-3 wpb_column vc_column_container\"><div class=\"vc_column-inner\"><div class=\"wpb_wrapper\"><div class=\"w-iconbox iconpos_left style_outlined color_primary align_left\"><div class=\"w-iconbox-icon\" style=\"font-size:28px;\"><i class=\"material-icons\">people_outline<\/i><\/div><div class=\"w-iconbox-meta\"><h4 class=\"w-iconbox-title\">Servicios<\/h4><div class=\"w-iconbox-text\"><p>Electricidad, internet, cable y telefon\u00eda.<\/p>\n<\/div><\/div><\/div><\/div><\/div><\/div><div class=\"vc_col-sm-3 wpb_column vc_column_container\"><div class=\"vc_column-inner\"><div class=\"wpb_wrapper\"><div class=\"w-iconbox iconpos_left style_outlined color_primary align_left\"><div class=\"w-iconbox-icon\" style=\"font-size:28px;\"><i class=\"material-icons\">security<\/i><\/div><div class=\"w-iconbox-meta\"><h4 class=\"w-iconbox-title\">Seguridad<\/h4><div class=\"w-iconbox-text\"><p>Control de acceso, video vigilancia, seguridad privada y alarmas perimetrales.<\/p>\n<\/div><\/div><\/div><\/div><\/div><\/div><\/div><\/div><\/div><\/div><\/div><\/div><\/section><section class=\"l-section wpb_row height_auto\"><div class=\"l-section-h i-cf\"><div class=\"g-cols vc_row via_flex valign_top type_default stacking_default\"><div class=\"vc_col-sm-12 wpb_column vc_column_container\"><div class=\"vc_column-inner\"><div class=\"wpb_wrapper\"><div class=\"w-separator size_large\"><\/div><\/div><\/div><\/div><\/div><\/div><\/section>\n","protected":false},"excerpt":{"rendered":"[vc_custom_heading text=\"Infraestructura e instalaciones\" font_container=\"tag:h1|font_size:48|text_align:center\" use_theme_fonts=\"yes\" css=\"%7B%22default%22%3A%7B%22padding-bottom%22%3A%2230px%22%2C%22font-size%22%3A%2248%22%7D%7D\"] El proyecto completo, desarrollado en dos etapas consecutivas, integrar\u00e1 115 hect\u00e1reas. Se encuentra en una ubicaci\u00f3n privilegiada, a solo 10 minutos de Rosario, en el Km 10, sobre la Ruta Nacional 34, en la localidad de Ibarlucea. Posee accesos pavimentados y se encuentra en una zona de campos,...","protected":false},"author":1,"featured_media":0,"parent":0,"menu_order":0,"comment_status":"closed","ping_status":"closed","template":"","meta":{"footnotes":""},"class_list":["post-15","page","type-page","status-publish","hentry"],"_links":{"self":[{"href":"https:\/\/www.estancialarinconada.com.ar\/index.php\/wp-json\/wp\/v2\/pages\/15","targetHints":{"allow":["GET"]}}],"collection":[{"href":"https:\/\/www.estancialarinconada.com.ar\/index.php\/wp-json\/wp\/v2\/pages"}],"about":[{"href":"https:\/\/www.estancialarinconada.com.ar\/index.php\/wp-json\/wp\/v2\/types\/page"}],"author":[{"embeddable":true,"href":"https:\/\/www.estancialarinconada.com.ar\/index.php\/wp-json\/wp\/v2\/users\/1"}],"replies":[{"embeddable":true,"href":"https:\/\/www.estancialarinconada.com.ar\/index.php\/wp-json\/wp\/v2\/comments?post=15"}],"version-history":[{"count":29,"href":"https:\/\/www.estancialarinconada.com.ar\/index.php\/wp-json\/wp\/v2\/pages\/15\/revisions"}],"predecessor-version":[{"id":7267,"href":"https:\/\/www.estancialarinconada.com.ar\/index.php\/wp-json\/wp\/v2\/pages\/15\/revisions\/7267"}],"wp:attachment":[{"href":"https:\/\/www.estancialarinconada.com.ar\/index.php\/wp-json\/wp\/v2\/media?parent=15"}],"curies":[{"name":"wp","href":"https:\/\/api.w.org\/{rel}","templated":true}]}}