{"id":1106,"date":"2013-09-03T10:19:04","date_gmt":"2013-09-03T10:19:04","guid":{"rendered":"http:\/\/impreza.us-themes.net\/pages\/"},"modified":"2024-02-22T10:08:56","modified_gmt":"2024-02-22T13:08:56","slug":"comercial","status":"publish","type":"page","link":"https:\/\/www.estancialarinconada.com.ar\/index.php\/comercial\/","title":{"rendered":"Comercial"},"content":{"rendered":"<section class=\"l-section wpb_row height_huge color_primary with_img parallax_ver\"><div class=\"l-section-img\" role=\"img\" aria-label=\"Imagen\" data-img-width=\"1800\" data-img-height=\"1200\" style=\"background-image: url(https:\/\/www.estancialarinconada.com.ar\/wp\/wp-content\/uploads\/2018\/02\/comercial.jpg);\"><\/div><div class=\"l-section-overlay\" style=\"background:rgba(30,30,30,0.75)\"><\/div><div class=\"l-section-h i-cf\"><div class=\"g-cols vc_row via_flex valign_top type_default stacking_default\"><div class=\"vc_col-sm-12 wpb_column vc_column_container\"><div class=\"vc_column-inner\"><div class=\"wpb_wrapper\">[vc_custom_heading text=\u00bbComercial\u00bb font_container=\u00bbtag:h1|font_size:48|text_align:center\u00bb use_theme_fonts=\u00bbyes\u00bb css=\u00bb%7B%22default%22%3A%7B%22padding-bottom%22%3A%2230px%22%2C%22font-size%22%3A%2248%22%7D%7D\u00bb]<div class=\"w-iconbox iconpos_top style_default color_custom align_center no_text no_title\"><a href=\"#intro\" class=\"w-iconbox-link\" aria-label=\"fas|chevron-down\"><div class=\"w-iconbox-icon\" style=\"font-size:2rem;--icon-color:#ffffff;\"><i class=\"fas fa-chevron-down\"><\/i><\/div><\/a><div class=\"w-iconbox-meta\"><\/div><\/div><div class=\"w-separator size_medium\"><\/div><\/div><\/div><\/div><\/div><\/div><\/section><section class=\"l-section wpb_row height_large color_alternate\" id=\"intro\"><div class=\"l-section-h i-cf\"><div class=\"g-cols vc_row via_flex valign_top type_default stacking_default\"><div class=\"vc_col-sm-12 wpb_column vc_column_container\"><div class=\"vc_column-inner\"><div class=\"wpb_wrapper\"><div class=\"g-cols wpb_row via_flex valign_top type_default stacking_default\"><div class=\"vc_col-sm-2 wpb_column vc_column_container\"><div class=\"vc_column-inner\"><div class=\"wpb_wrapper\"><\/div><\/div><\/div><div class=\"vc_col-sm-8 wpb_column vc_column_container\"><div class=\"vc_column-inner\"><div class=\"wpb_wrapper\"><div class=\"wpb_text_column\"><div class=\"wpb_wrapper\"><h6 id=\"fancy-title-714\" style=\"text-align: center;\">Por consultas y asesoramiento, llame a nuestra oficina comercial a los tel\u00e9fonos<br \/>\n+54 9 341 5905292 o +54 0341 5271294 o bien v\u00eda eMail a comercial@estancialarinconada.com.ar<\/h6>\n<\/div><\/div><\/div><\/div><\/div><div class=\"vc_col-sm-2 wpb_column vc_column_container\"><div class=\"vc_column-inner\"><div class=\"wpb_wrapper\"><\/div><\/div><\/div><\/div><div class=\"w-separator size_small\"><\/div><\/div><\/div><\/div><\/div><\/div><\/section><section class=\"l-section wpb_row height_large color_primary\"><div class=\"l-section-overlay\" style=\"background:#005953\"><\/div><div class=\"l-section-h i-cf\"><div class=\"g-cols vc_row via_flex valign_top type_default stacking_default\"><div class=\"vc_col-sm-12 wpb_column vc_column_container\"><div class=\"vc_column-inner\"><div class=\"wpb_wrapper\"><div class=\"wpb_text_column\"><div class=\"wpb_wrapper\"><h3 style=\"text-align: center;\">Coordine una visita al tel\u00e9fono<br \/>\n<strong>+54 9 341 5905292<br \/>\n<\/strong><\/h3>\n<\/div><\/div><\/div><\/div><\/div><\/div><\/div><\/section>\n","protected":false},"excerpt":{"rendered":"[vc_custom_heading text=\"Comercial\" font_container=\"tag:h1|font_size:48|text_align:center\" use_theme_fonts=\"yes\" css=\"%7B%22default%22%3A%7B%22padding-bottom%22%3A%2230px%22%2C%22font-size%22%3A%2248%22%7D%7D\"]Por consultas y asesoramiento, llame a nuestra oficina comercial a los tel\u00e9fonos +54 9 341 5905292 o +54 0341 5271294 o bien v\u00eda eMail a comercial@estancialarinconada.com.ar Coordine una visita al tel\u00e9fono +54 9 341 5905292","protected":false},"author":1,"featured_media":0,"parent":0,"menu_order":0,"comment_status":"closed","ping_status":"open","template":"","meta":{"footnotes":""},"class_list":["post-1106","page","type-page","status-publish","hentry"],"_links":{"self":[{"href":"https:\/\/www.estancialarinconada.com.ar\/index.php\/wp-json\/wp\/v2\/pages\/1106","targetHints":{"allow":["GET"]}}],"collection":[{"href":"https:\/\/www.estancialarinconada.com.ar\/index.php\/wp-json\/wp\/v2\/pages"}],"about":[{"href":"https:\/\/www.estancialarinconada.com.ar\/index.php\/wp-json\/wp\/v2\/types\/page"}],"author":[{"embeddable":true,"href":"https:\/\/www.estancialarinconada.com.ar\/index.php\/wp-json\/wp\/v2\/users\/1"}],"replies":[{"embeddable":true,"href":"https:\/\/www.estancialarinconada.com.ar\/index.php\/wp-json\/wp\/v2\/comments?post=1106"}],"version-history":[{"count":35,"href":"https:\/\/www.estancialarinconada.com.ar\/index.php\/wp-json\/wp\/v2\/pages\/1106\/revisions"}],"predecessor-version":[{"id":7314,"href":"https:\/\/www.estancialarinconada.com.ar\/index.php\/wp-json\/wp\/v2\/pages\/1106\/revisions\/7314"}],"wp:attachment":[{"href":"https:\/\/www.estancialarinconada.com.ar\/index.php\/wp-json\/wp\/v2\/media?parent=1106"}],"curies":[{"name":"wp","href":"https:\/\/api.w.org\/{rel}","templated":true}]}}